{"id":31,"date":"2025-03-09T20:32:48","date_gmt":"2025-03-09T23:32:48","guid":{"rendered":"https:\/\/dialogointer-religioso.com.br\/?page_id=31"},"modified":"2025-04-21T20:59:45","modified_gmt":"2025-04-21T23:59:45","slug":"colecao","status":"publish","type":"page","link":"http:\/\/dialogointer-religioso.com.br\/?page_id=31","title":{"rendered":"Cole\u00e7\u00e3o"},"content":{"rendered":"\n<p>Editar esta p\u00e1gina, colocar fotos, textos, capas das cole\u00e7\u00f5es<\/p>\n\n\n\n<figure class=\"wp-block-image size-large\"><img fetchpriority=\"high\" decoding=\"async\" width=\"768\" height=\"1024\" src=\"https:\/\/dialogointer-religioso.com.br\/wp-content\/uploads\/2025\/04\/20230112_184548-768x1024.jpg\" alt=\"\" class=\"wp-image-65\" srcset=\"http:\/\/dialogointer-religioso.com.br\/wp-content\/uploads\/2025\/04\/20230112_184548-768x1024.jpg 768w, http:\/\/dialogointer-religioso.com.br\/wp-content\/uploads\/2025\/04\/20230112_184548-225x300.jpg 225w, http:\/\/dialogointer-religioso.com.br\/wp-content\/uploads\/2025\/04\/20230112_184548-1152x1536.jpg 1152w, http:\/\/dialogointer-religioso.com.br\/wp-content\/uploads\/2025\/04\/20230112_184548-1536x2048.jpg 1536w, http:\/\/dialogointer-religioso.com.br\/wp-content\/uploads\/2025\/04\/20230112_184548-scaled.jpg 1920w\" sizes=\"(max-width: 768px) 100vw, 768px\" \/><\/figure>\n","protected":false},"excerpt":{"rendered":"<p>Editar esta p\u00e1gina, colocar fotos, textos, capas das cole\u00e7\u00f5es<\/p>\n","protected":false},"author":1,"featured_media":0,"parent":0,"menu_order":0,"comment_status":"closed","ping_status":"closed","template":"","meta":{"footnotes":""},"class_list":["post-31","page","type-page","status-publish","hentry"],"_links":{"self":[{"href":"http:\/\/dialogointer-religioso.com.br\/index.php?rest_route=\/wp\/v2\/pages\/31"}],"collection":[{"href":"http:\/\/dialogointer-religioso.com.br\/index.php?rest_route=\/wp\/v2\/pages"}],"about":[{"href":"http:\/\/dialogointer-religioso.com.br\/index.php?rest_route=\/wp\/v2\/types\/page"}],"author":[{"embeddable":true,"href":"http:\/\/dialogointer-religioso.com.br\/index.php?rest_route=\/wp\/v2\/users\/1"}],"replies":[{"embeddable":true,"href":"http:\/\/dialogointer-religioso.com.br\/index.php?rest_route=%2Fwp%2Fv2%2Fcomments&post=31"}],"version-history":[{"count":4,"href":"http:\/\/dialogointer-religioso.com.br\/index.php?rest_route=\/wp\/v2\/pages\/31\/revisions"}],"predecessor-version":[{"id":66,"href":"http:\/\/dialogointer-religioso.com.br\/index.php?rest_route=\/wp\/v2\/pages\/31\/revisions\/66"}],"wp:attachment":[{"href":"http:\/\/dialogointer-religioso.com.br\/index.php?rest_route=%2Fwp%2Fv2%2Fmedia&parent=31"}],"curies":[{"name":"wp","href":"https:\/\/api.w.org\/{rel}","templated":true}]}}